{"id":142,"date":"2025-01-21T11:52:48","date_gmt":"2025-01-21T10:52:48","guid":{"rendered":"https:\/\/rtcarlon.eu\/?page_id=142"},"modified":"2025-01-21T11:58:18","modified_gmt":"2025-01-21T10:58:18","slug":"presentation-de-lecole-de-tennis","status":"publish","type":"page","link":"https:\/\/rtcarlon.eu\/index.php\/presentation-de-lecole-de-tennis\/","title":{"rendered":"Pr\u00e9sentation de l&#8217;\u00e9cole de tennis"},"content":{"rendered":"\n<p>L&#8217;\u00e9cole de tennis du RTC Arlon est dirig\u00e9e par <strong>Anne Vanloo<\/strong>, monitrice pour l&#8217;AFT et titulaire du dipl\u00f4me de niveau 3 et expert p\u00e9dagogique et peut compter sur une \u00e9quipe dipl\u00f4m\u00e9e, motiv\u00e9e et dynamique d&#8217;enseignants.<\/p>\n\n\n\n<p><br>Actuellement de nombreux&nbsp;jeunes fr\u00e9quentent l&#8217;\u00e9cole de tennis, soit pour la comp\u00e9tition&nbsp;ou le&nbsp;loisir. Les cours sont accessibles&nbsp;aux enfants d\u00e8s&nbsp;l&#8217;\u00e2ge de 4 ans.<\/p>\n\n\n\n<p>Les cours en semaine se donnent de mi-septembre \u00e0 mi-juin et le samedi jusqu&#8217;avril.<\/p>\n\n\n\n<p><br>Les jeunes participent pour la plupart aux <strong><a href=\"https:\/\/tennis.tppwb.be\/MyAFT\/Competitions\/Interclubs\">interclubs<\/a><\/strong>. Un grand nombre d&#8217;entre eux participent \u00e9galement\u00a0au <strong><a href=\"https:\/\/tennis.tppwb.be\/Kid-Noize-Junior-Tour\">Kid Noise Junior Tour<\/a><\/strong>, \u00e0 <strong><a href=\"https:\/\/tennis.tppwb.be\/youngtalentscup\" data-type=\"link\" data-id=\"https:\/\/tennis.tppwb.be\/youngtalentscup\">Young Talents Cup<\/a><\/strong>, aux <strong><a href=\"https:\/\/tennis.tppwb.be\/belgianjuniorcircuit\">Belgian Junior Circuit<\/a><\/strong> et aux <strong><a href=\"https:\/\/tennis.tppwb.be\/Kidnoizejuniormasters\">Junior Masters<\/a><\/strong>. <\/p>\n\n\n\n<p>Les meilleurs jeunes sont regroup\u00e9 dans le <strong>Team Comp\u00e9tition<\/strong> et ont acc\u00e8s \u00e0 des entrainements sp\u00e9cifiques.<\/p>\n\n\n\n<p>Un mercredi du mois de juin&nbsp;est organis\u00e9e au RTC Arlon&nbsp;une journ\u00e9e gratuite de d\u00e9couverte du tennis pour les enfants de 2\u00e8me et 3\u00e8me maternelle et 1\u00e8re primaire des \u00e9coles avoisinantes.<\/p>\n\n\n\n<p>Au cours des vingt derni\u00e8res ann\u00e9es, l&#8217;\u00e9cole a form\u00e9&nbsp;nombre de jeunes du pays&nbsp;d&#8217;Arlon. Elle a eu le plaisir de compter parmi ses \u00e9l\u00e8ves plusieurs joueuses et joueurs qui ont par la suite \u00e9volu\u00e9 en division nationale, au RTC Arlon ou ailleurs. En particulier, elle initia d\u00e8s leur plus jeune \u00e2ge aux joies de la petite balle <strong>Alexandre Eischen<\/strong>, qui devint par la suite Champion de Belgique Scolaire, et <strong>Fr\u00e9d\u00e9ric de Fays<\/strong>, Champion de Belgique Cadet et dans le Top&nbsp;15 des joueurs belges. Ceux-ci serviront d&#8217;exemple, nous en sommes persuad\u00e9s, pour les nombreux enfants qui d\u00e9butent aujourd&#8217;hui leur apprentissage du tennis au RTC Arlon.<\/p>\n","protected":false},"excerpt":{"rendered":"<p>L&#8217;\u00e9cole de tennis du RTC Arlon est dirig\u00e9e par Anne Vanloo, monitrice pour l&#8217;AFT et titulaire du dipl\u00f4me de niveau 3 et expert p\u00e9dagogique et peut compter sur une \u00e9quipe dipl\u00f4m\u00e9e, motiv\u00e9e et dynamique d&#8217;enseignants. Actuellement de nombreux&nbsp;jeunes fr\u00e9quentent l&#8217;\u00e9cole de tennis, soit pour la comp\u00e9tition&nbsp;ou le&nbsp;loisir. Les cours sont accessibles&nbsp;aux enfants d\u00e8s&nbsp;l&#8217;\u00e2ge de 4 [&hellip;]<\/p>\n","protected":false},"author":1,"featured_media":0,"parent":0,"menu_order":0,"comment_status":"closed","ping_status":"closed","template":"single-page-sidebar-on-left","meta":{"footnotes":""},"class_list":["post-142","page","type-page","status-publish","hentry"],"_links":{"self":[{"href":"https:\/\/rtcarlon.eu\/index.php\/wp-json\/wp\/v2\/pages\/142","targetHints":{"allow":["GET"]}}],"collection":[{"href":"https:\/\/rtcarlon.eu\/index.php\/wp-json\/wp\/v2\/pages"}],"about":[{"href":"https:\/\/rtcarlon.eu\/index.php\/wp-json\/wp\/v2\/types\/page"}],"author":[{"embeddable":true,"href":"https:\/\/rtcarlon.eu\/index.php\/wp-json\/wp\/v2\/users\/1"}],"replies":[{"embeddable":true,"href":"https:\/\/rtcarlon.eu\/index.php\/wp-json\/wp\/v2\/comments?post=142"}],"version-history":[{"count":3,"href":"https:\/\/rtcarlon.eu\/index.php\/wp-json\/wp\/v2\/pages\/142\/revisions"}],"predecessor-version":[{"id":146,"href":"https:\/\/rtcarlon.eu\/index.php\/wp-json\/wp\/v2\/pages\/142\/revisions\/146"}],"wp:attachment":[{"href":"https:\/\/rtcarlon.eu\/index.php\/wp-json\/wp\/v2\/media?parent=142"}],"curies":[{"name":"wp","href":"https:\/\/api.w.org\/{rel}","templated":true}]}}