{"id":158,"date":"2025-01-21T12:58:27","date_gmt":"2025-01-21T11:58:27","guid":{"rendered":"https:\/\/rtcarlon.eu\/?page_id=158"},"modified":"2025-09-26T16:51:01","modified_gmt":"2025-09-26T14:51:01","slug":"les-stages","status":"publish","type":"page","link":"https:\/\/rtcarlon.eu\/index.php\/les-stages\/","title":{"rendered":"Les stages"},"content":{"rendered":"\n<p class=\"has-vivid-green-cyan-color has-text-color has-link-color has-pacifico-font-family has-extra-large-font-size wp-elements-ce7e8842eda105f8799f67004236d959\">Stages d&#8217;automne sont disponibles<\/p>\n\n\n\n<ul class=\"wp-block-list\">\n<li>1ere semaine : Stage d&#8217;anglais avec LudiLingua<\/li>\n\n\n\n<li>2e semaine : Stage Competiteur:\n<ul class=\"wp-block-list\">\n<li>Aspects physiques<\/li>\n\n\n\n<li>Services et retours performants<\/li>\n\n\n\n<li>Pr\u00e9paration mentale du jeune comp\u00e9titeur<\/li>\n<\/ul>\n<\/li>\n<\/ul>\n\n\n\n<p><\/p>\n\n\n\n<p>Le Royal Tennis Club Arlon organise des stages \u00e0 la journ\u00e9e ou \u00e0 la demi-journ\u00e9e pendant les vacances scolaires.<\/p>\n\n\n\n<p class=\"has-text-align-center has-primary-color has-text-color has-link-color has-pacifico-font-family has-large-font-size wp-elements-3fc039b0233b1306f138c2999406fbad\"><a href=\"https:\/\/www3.iclub.be\/register.asp?ClubID=140&amp;action=Search&amp;CategorieEvenement=Stages&amp;LG=FR\" target=\"_blank\" rel=\"noreferrer noopener\">Inscrivez-vous<\/a>!<\/p>\n\n\n\n<p><\/p>\n\n\n\n<p>Nos stages Tennis\/Anglais sont organis\u00e9s en partenariat avec Lundi Lingua<\/p>\n\n\n\n<figure class=\"wp-block-image aligncenter size-large\"><a href=\"https:\/\/www.ludilingua.eu\/#\/\" target=\"_blank\" rel=\" noreferrer noopener\"><img decoding=\"async\" src=\"https:\/\/www.ludilingua.eu\/wp-content\/uploads\/2024\/02\/LUDILINGUA_LOGO_site.png\" alt=\"\"\/><\/a><\/figure>\n\n\n\n<p><\/p>\n","protected":false},"excerpt":{"rendered":"<p>Stages d&#8217;automne sont disponibles Le Royal Tennis Club Arlon organise des stages \u00e0 la journ\u00e9e ou \u00e0 la demi-journ\u00e9e pendant les vacances scolaires. Inscrivez-vous! Nos stages Tennis\/Anglais sont organis\u00e9s en partenariat avec Lundi Lingua<\/p>\n","protected":false},"author":1,"featured_media":0,"parent":0,"menu_order":0,"comment_status":"closed","ping_status":"closed","template":"single-page-sidebar-on-left","meta":{"footnotes":""},"class_list":["post-158","page","type-page","status-publish","hentry"],"_links":{"self":[{"href":"https:\/\/rtcarlon.eu\/index.php\/wp-json\/wp\/v2\/pages\/158","targetHints":{"allow":["GET"]}}],"collection":[{"href":"https:\/\/rtcarlon.eu\/index.php\/wp-json\/wp\/v2\/pages"}],"about":[{"href":"https:\/\/rtcarlon.eu\/index.php\/wp-json\/wp\/v2\/types\/page"}],"author":[{"embeddable":true,"href":"https:\/\/rtcarlon.eu\/index.php\/wp-json\/wp\/v2\/users\/1"}],"replies":[{"embeddable":true,"href":"https:\/\/rtcarlon.eu\/index.php\/wp-json\/wp\/v2\/comments?post=158"}],"version-history":[{"count":10,"href":"https:\/\/rtcarlon.eu\/index.php\/wp-json\/wp\/v2\/pages\/158\/revisions"}],"predecessor-version":[{"id":254,"href":"https:\/\/rtcarlon.eu\/index.php\/wp-json\/wp\/v2\/pages\/158\/revisions\/254"}],"wp:attachment":[{"href":"https:\/\/rtcarlon.eu\/index.php\/wp-json\/wp\/v2\/media?parent=158"}],"curies":[{"name":"wp","href":"https:\/\/api.w.org\/{rel}","templated":true}]}}