{"id":178,"date":"2025-01-21T14:47:19","date_gmt":"2025-01-21T13:47:19","guid":{"rendered":"https:\/\/rtcarlon.eu\/?page_id=178"},"modified":"2025-09-27T10:19:55","modified_gmt":"2025-09-27T08:19:55","slug":"abonnement-hiver","status":"publish","type":"page","link":"https:\/\/rtcarlon.eu\/index.php\/abonnement-hiver\/","title":{"rendered":"Abonnement hiver"},"content":{"rendered":"\n<p class=\"has-primary-color has-text-color has-link-color wp-elements-380ce12079df588d1abe37b137df549b\"><strong>LES ABONNEMENTS 2024<\/strong><strong>-2025<\/strong><\/p>\n\n\n\n<p class=\"has-text-align-center has-vivid-green-cyan-color has-text-color has-link-color has-pacifico-font-family has-large-font-size wp-elements-4b0628b1ee250de05e1918c7d595da29\">Il y a encore des abonnements hiver\u00a0disponible &#8211; Contactez-nous<\/p>\n\n\n\n<blockquote class=\"wp-block-quote is-layout-flow wp-block-quote-is-layout-flow\">\n<ul class=\"wp-block-list\">\n<li>Mardi\u00a0: \n<ul class=\"wp-block-list\">\n<li>16h30 \u00e0 17h30\u00a0: terrain 5 pour un an<\/li>\n\n\n\n<li>17h30 \u00e0 18h30\u00a0: terrain 5 pour un an<\/li>\n\n\n\n<li>21h30 \u00e0 22h30\u00a0: terrain 3, 5 et 6<\/li>\n<\/ul>\n<\/li>\n\n\n\n<li>Mercredi\u00a0:\u00a0 \n<ul class=\"wp-block-list\">\n<li>20h30 \u00e0 21h30\u00a0: terrain 2<\/li>\n<\/ul>\n<\/li>\n\n\n\n<li>Jeudi\u00a0: \n<ul class=\"wp-block-list\">\n<li>21h30 \u00e0 22h30\u00a0: terrain 5<\/li>\n<\/ul>\n<\/li>\n\n\n\n<li>Vendredi\u00a0: \n<ul class=\"wp-block-list\">\n<li>19h30 \u00e0 20h30\u00a0: terrain 1,2,3<\/li>\n\n\n\n<li>20h30 \u00e0 21h30\u00a0: terrain 2, 3, 5 et 6<\/li>\n\n\n\n<li>21h30 \u00e0 22h30\u00a0: terrain 2,3,5 et 6<\/li>\n<\/ul>\n<\/li>\n\n\n\n<li>Samedi\u00a0: \n<ul class=\"wp-block-list\">\n<li>14h \u00e0 15 h\u00a0: terrain 3<\/li>\n\n\n\n<li>15h \u00e0 16h\u00a0: terrain 3<\/li>\n\n\n\n<li>16h \u00e0 17h\u00a0: terrai 1 et 2<\/li>\n\n\n\n<li>17h \u00e0 18h\u00a0: terrain 1, 2 et 5<\/li>\n<\/ul>\n<\/li>\n\n\n\n<li>Dimanche\u00a0: \n<ul class=\"wp-block-list\">\n<li>9h30 \u00e0 10h30\u00a0: terrain 3<\/li>\n\n\n\n<li>10h30 \u00e0 11h30\u00a0: terrain 5<\/li>\n\n\n\n<li>16h30 \u00e0 18h\u00a0: terrain 3<\/li>\n\n\n\n<li>17h30 \u00e0 18h30\u00a0: terrain 1<\/li>\n\n\n\n<li>19h30 \u00e0 20h30\u00a0: terrain 5<\/li>\n\n\n\n<li>20h30 \u00e0 21h30\u00a0: terrain 1 , 2 , 5.<\/li>\n<\/ul>\n<\/li>\n<\/ul>\n<\/blockquote>\n\n\n\n<p class=\"has-primary-color has-text-color has-link-color wp-elements-64a4cb0bd5a5eb327ee15540ce794b91\"><strong>Reprise des abonnements \u00e0 partir du 12\u00a0septembre 202<\/strong>5<\/p>\n\n\n\n<p>Pour<strong>&nbsp;reconduire<\/strong>&nbsp;les heures de la saison pr\u00e9c\u00e9dente, proc\u00e9der \u00e0 une demande qui sera prioritaire<strong>&nbsp;jusqu\u2019au 30 juin<\/strong>&nbsp;;\u00e0 partir de cette date, mise en location des heures qui n&#8217;ont pas \u00e9t\u00e9 r\u00e9serv\u00e9es.<br>Pour&nbsp;<strong>obtenir de nouvelles heures<\/strong>, proc\u00e9der \u00e0 une demande qui est enregistr\u00e9e par ordre d&#8217;arriv\u00e9e.<\/p>\n\n\n\n<div data-wp-interactive=\"core\/file\" class=\"wp-block-file\"><object data-wp-bind--hidden=\"!state.hasPdfPreview\" hidden class=\"wp-block-file__embed\" data=\"https:\/\/rtcarlon.eu\/wp-content\/uploads\/2025\/09\/abonnement-courrier-2025-26.pdf\" type=\"application\/pdf\" style=\"width:100%;height:600px\" aria-label=\"Embed of abonnement courrier 2025-26.\"><\/object><a id=\"wp-block-file--media-c1803f1a-bd2c-4620-a1f0-b7018b88dd9d\" href=\"https:\/\/rtcarlon.eu\/wp-content\/uploads\/2025\/09\/abonnement-courrier-2025-26.pdf\">abonnement courrier 2025-26<\/a><a href=\"https:\/\/rtcarlon.eu\/wp-content\/uploads\/2025\/09\/abonnement-courrier-2025-26.pdf\" class=\"wp-block-file__button wp-element-button\" download aria-describedby=\"wp-block-file--media-c1803f1a-bd2c-4620-a1f0-b7018b88dd9d\">T\u00e9l\u00e9charger<\/a><\/div>\n\n\n\n<p class=\"has-primary-color has-text-color has-link-color wp-elements-15576eb84fb05be3217fcafd81a32fc1\"><strong>Attention !!!<\/strong><\/p>\n\n\n\n<p>Toute personne pratiquant le tennis (loisir ou comp\u00e9tition) dans un club de tennis affili\u00e9 \u00e0 l\u2019Association Francophone de Tennis est tenue de s\u2019affilier dans ce club. Elle devient de par ce fait membre du club en question et automatiquement membre adh\u00e9rent de l\u2019A.F.T.<\/p>\n\n\n\n<p>\u00ab Chaque membre effectif (club) est tenu d\u2019affilier \u00e0 l\u2019A.F.T. tous les joueurs pratiquant le tennis dans leurs installations m\u00eame s\u2019ils ne disputent pas de comp\u00e9titions \u00bb. (<a href=\"http:\/\/www.aftnet.be\/Aftnet\/media\/Media\/Documents\/R%c3%a8glements\/ROI-AFT.pdf\">Article 18 alin\u00e9a 4\u00b0 point 2. du r\u00e8glement d\u2019ordre int\u00e9rieur de l\u2019AFT<\/a>)<\/p>\n\n\n\n<p class=\"has-text-align-center has-primary-color has-text-color has-link-color has-pacifico-font-family has-large-font-size wp-elements-28012310ddad3d6d09429d8ce0cbf768\"><\/p>\n\n\n\n<p><strong> <\/strong><\/p>\n\n\n\n<p><\/p>\n","protected":false},"excerpt":{"rendered":"<p>LES ABONNEMENTS 2024-2025 Il y a encore des abonnements hiver\u00a0disponible &#8211; Contactez-nous Reprise des abonnements \u00e0 partir du 12\u00a0septembre 2025 Pour&nbsp;reconduire&nbsp;les heures de la saison pr\u00e9c\u00e9dente, proc\u00e9der \u00e0 une demande qui sera prioritaire&nbsp;jusqu\u2019au 30 juin&nbsp;;\u00e0 partir de cette date, mise en location des heures qui n&#8217;ont pas \u00e9t\u00e9 r\u00e9serv\u00e9es.Pour&nbsp;obtenir de nouvelles heures, proc\u00e9der \u00e0 une [&hellip;]<\/p>\n","protected":false},"author":1,"featured_media":0,"parent":0,"menu_order":0,"comment_status":"closed","ping_status":"closed","template":"single-page-sidebar-on-left","meta":{"footnotes":""},"class_list":["post-178","page","type-page","status-publish","hentry"],"_links":{"self":[{"href":"https:\/\/rtcarlon.eu\/index.php\/wp-json\/wp\/v2\/pages\/178","targetHints":{"allow":["GET"]}}],"collection":[{"href":"https:\/\/rtcarlon.eu\/index.php\/wp-json\/wp\/v2\/pages"}],"about":[{"href":"https:\/\/rtcarlon.eu\/index.php\/wp-json\/wp\/v2\/types\/page"}],"author":[{"embeddable":true,"href":"https:\/\/rtcarlon.eu\/index.php\/wp-json\/wp\/v2\/users\/1"}],"replies":[{"embeddable":true,"href":"https:\/\/rtcarlon.eu\/index.php\/wp-json\/wp\/v2\/comments?post=178"}],"version-history":[{"count":8,"href":"https:\/\/rtcarlon.eu\/index.php\/wp-json\/wp\/v2\/pages\/178\/revisions"}],"predecessor-version":[{"id":257,"href":"https:\/\/rtcarlon.eu\/index.php\/wp-json\/wp\/v2\/pages\/178\/revisions\/257"}],"wp:attachment":[{"href":"https:\/\/rtcarlon.eu\/index.php\/wp-json\/wp\/v2\/media?parent=178"}],"curies":[{"name":"wp","href":"https:\/\/api.w.org\/{rel}","templated":true}]}}