{"id":202,"date":"2025-01-24T15:10:22","date_gmt":"2025-01-24T14:10:22","guid":{"rendered":"https:\/\/rtcarlon.eu\/?page_id=202"},"modified":"2025-12-18T09:10:10","modified_gmt":"2025-12-18T08:10:10","slug":"cotisations-2025","status":"publish","type":"page","link":"https:\/\/rtcarlon.eu\/index.php\/cotisations-2025\/","title":{"rendered":"Cotisations 2026"},"content":{"rendered":"\n<figure class=\"wp-block-table is-style-regular\"><table class=\"has-primary-color has-text-color has-link-color\"><thead><tr><th>Cotisation 2026<\/th><th>Prix de la cotisation<\/th><\/tr><\/thead><tbody><tr><td><strong>GRANDE COTISATION<\/strong> <strong>ADULTE<\/strong>                                                                                                                                                                                                                                                           <br>Interclubs et acc\u00e8s aux terrains<br>Du 14&nbsp;avril au 20&nbsp;octobre 2025<\/td><td>150\u20ac<\/td><\/tr><tr><td><strong>PETITE COTISATION PRINTEMPS<\/strong> <strong>ADULTE<\/strong><br>Interclubs et acc\u00e8s aux terrains<br>Du 14&nbsp;avril au 30 juin 2025<\/td><td>105\u20ac<\/td><\/tr><tr><td><strong>COTISATION FAMILLE<\/strong><br>Interclubs et acc\u00e8s aux terrains<br>Du 14&nbsp;avril au 20&nbsp;octobre 2025<\/td><td>300\u20ac\u00a0<\/td><\/tr><tr><td><strong>ETUDIANTS<\/strong><br>Interclubs et acc\u00e8s aux terrains<br>Du 14&nbsp;avril au 20&nbsp;octobre 2025<\/td><td>95\u20ac<\/td><\/tr><tr><td><strong>ENFANTS n\u00e9s entre 2008&nbsp;et 2013<\/strong><br>Interclubs et acc\u00e8s aux terrains<br>Du 14&nbsp;avril au 20&nbsp;octobre 2025<\/td><td>80\u20ac<\/td><\/tr><tr><td><strong>ENFANTS n\u00e9s entre 2014&nbsp;et 2015<\/strong><br>Interclubs et acc\u00e8s aux terrains<br>Du 14&nbsp;avril au 20&nbsp;octobre 2025<\/td><td>65\u20ac<\/td><\/tr><tr><td><strong>ENFANTS n\u00e9s en 2016&nbsp;et apr\u00e8s<\/strong> <br>Interclubs et acc\u00e8s aux terrains<br>Du 14&nbsp;avril au 20&nbsp;octobre 2025<\/td><td>40\u20ac<\/td><\/tr><\/tbody><\/table><\/figure>\n\n\n\n<p class=\"has-primary-color has-text-color has-link-color wp-elements-eb7712f780321f71a579ef1bdfbb0ca4\"><strong>Mais cette cotisation, que couvre-t-elle&nbsp;?<\/strong><\/p>\n\n\n\n<ul class=\"wp-block-list\">\n<li>l\u2019acc\u00e8s aux terrains ext\u00e9rieur sans co\u00fbt suppl\u00e9mentaire<\/li>\n\n\n\n<li>l\u2019acc\u00e8s aux terrains int\u00e9rieurs au prix avantageux de 8\u20ac<\/li>\n\n\n\n<li>la participation aux interclubs<\/li>\n\n\n\n<li>donne le statut de membre adh\u00e9rent<\/li>\n\n\n\n<li>donne acc\u00e8s aux r\u00e9ductions membres<\/li>\n\n\n\n<li>donne l&#8217;inscription sur la liste de force pour les interclubs<\/li>\n<\/ul>\n\n\n\n<p class=\"has-primary-color has-text-color has-link-color wp-elements-925b7ff02a4ffc94f0dceb657a15ccc9\"><strong>Comment souscrire et payer ma cotisation &nbsp;(ou celle de ma famille)?<\/strong><\/p>\n\n\n\n<ul class=\"wp-block-list\">\n<li>Dans votre espace personnel iClub, sous la rubrique &nbsp;\u00ab&nbsp;Inscriptions&nbsp;\u00bb \u00e0 \u00ab&nbsp;Cotisation Club et licence AFT&nbsp;\u00bb \u00e0 \u00ab&nbsp;Ajouter une cotisation&nbsp;\u00bb<\/li>\n\n\n\n<li>Paiement directement en ligne (via stipe) ou par virement (utiliser la communication structure propos\u00e9e)<\/li>\n<\/ul>\n\n\n\n<p><em>NB&nbsp;: Vous aurez uniquement acc\u00e8s \u00e0 la r\u00e9servation de terrain et vous serez inscrit sur la liste de force pour les interclubs apr\u00e8s r\u00e9ception du paiement de votre cotisation<\/em><\/p>\n\n\n\n<p class=\"has-primary-color has-text-color has-link-color wp-elements-c08c9260e4cc29df4a2e350c9f76fb2c\"><strong>Comment r\u00e9server un terrain&nbsp;?<\/strong><\/p>\n\n\n\n<ul class=\"wp-block-list\">\n<li>Dans votre <a href=\"https:\/\/www3.iclub.be\/register.asp?action2=Home&amp;ClubID=140&amp;LG=FR\">espace personnel iClub<\/a>, sous la rubrique &nbsp;\u00ab&nbsp;R\u00e9server un terrain&nbsp;\u00bb<\/li>\n\n\n\n<li>r\u00e9servation d\u2019un terrain \u00e0 la fois<\/li>\n\n\n\n<li>r\u00e9servation d\u2019une p\u00e9riode d\u20191h (en semaine apr\u00e8s 16h30) ou 1h30 (le reste du temps)<\/li>\n\n\n\n<li>une nouvelle r\u00e9servation est possible une fois la pr\u00e9c\u00e9dente achev\u00e9e<\/li>\n\n\n\n<li>veiller \u00e0 encoder le noms des 2 ou 4 joueurs occupant r\u00e9ellement le terrain.<\/li>\n<\/ul>\n\n\n\n<p class=\"has-primary-color has-text-color has-link-color wp-elements-a2006c4c1c11e6cab315c066e3232a95\"><strong>R\u00e9glementation \u00e9t\u00e9<\/strong><\/p>\n\n\n\n<p>Sur les terrains en brique pil\u00e9es, veillez \u00e0 utiliser des <strong>chaussures \u00e0 semelles plates<\/strong> sans relief externe. N\u2019oubliez pas de passer le filet niveleur avant de quitter le terrain et veillez \u00e0 arroser si n\u00e9cessaire.<\/p>\n\n\n\n<p>Entre 16h30 et 18h30, l\u2019acc\u00e8s au terrains ext\u00e9rieurs est donn\u00e9 prioritairement \u00e0 l\u2019\u00e9cole de tennis. A partir de 18h30, les terrains ext\u00e9rieurs sont accessibles aux joueurs en r\u00e8gle de cotisation. Seul 2 terrains sont attribu\u00e9s \u00e0 l\u2019\u00e9cole de tennis.<\/p>\n\n\n\n<p>Les week-ends, la priorit\u00e9 est donn\u00e9e aux interclubs, y compris en cas de mauvais temps pour les terrains int\u00e9rieurs.<\/p>\n\n\n\n<p>En juillet et ao\u00fbt, entre 9h et 12h, la priorit\u00e9 au terrains ext\u00e9rieurs, et int\u00e9rieurs en cas de pluie, est donn\u00e9e aux stages.<\/p>\n\n\n\n<p class=\"has-vivid-red-color has-text-color has-link-color wp-elements-2066c8f78b4cd9deea021299bd0d2d47\">En p\u00e9riode de tournoi, toute p\u00e9riode confondue, l\u2019acc\u00e8s \u00e0 tous les terrains est donn\u00e9es prioritairement aux tournois.<\/p>\n\n\n\n<figure class=\"wp-block-table\"><table class=\"has-fixed-layout\"><tbody><tr><td><strong><em>Votre espace personnel dans iClub<\/em><\/strong> : Pour rappel, votre espace personnel est disponible par internet sur le site <a href=\"http:\/\/www.rtcarlon.be\">www.rtcarlon.be<\/a> sous le lien \u00ab&nbsp;Nos offres&nbsp;\u00bb ou directement &nbsp;\u00e0 l\u2019adresse suivante : <a href=\"https:\/\/bit.ly\/3WLXyyE\">https:\/\/bit.ly\/3WLXyyE<\/a>&nbsp; <br><br>Vous pouvez aussi utiliser l\u2019application mobile \u00ab&nbsp;iClubPlay&nbsp;\u00bb disponible dans <a href=\"https:\/\/play.google.com\/store\/apps\/details?id=be.iclub.iclubplay&amp;hl=fr&amp;gl=US&amp;pli=1\">google play<\/a> ou dans l\u2019<a href=\"https:\/\/apps.apple.com\/be\/app\/iclubplay\/id1338787405\">AppStore<\/a><\/td><\/tr><\/tbody><\/table><\/figure>\n\n\n\n<figure class=\"wp-block-table\"><table class=\"has-fixed-layout\"><tbody><tr><td><strong><em>Login et Mot de passe inconnu \/ oubli\u00e9&nbsp;?<\/em><\/strong><br>Login&nbsp;: contacter le secr\u00e9tariat&nbsp;: <a href=\"mailto:club@rtcarlon.be?subject=Demande%20de%20login%20iClub\">club@rtcarlon.be<\/a><br>Mot de passe&nbsp;: sur le site internet rtcarlon.be, dans votre espace personnel, cliquez sur \u00ab&nbsp;mot de passe oubli\u00e9&nbsp;\u00bb et suivez la proc\u00e9dure.<\/td><\/tr><\/tbody><\/table><\/figure>\n\n\n\n<p class=\"has-vivid-green-cyan-color has-text-color has-link-color has-pacifico-font-family has-large-font-size wp-elements-31465fb1b9542742ddca8dce961b3bf3\">***Nouveau***&nbsp; Vous pouvez y t\u00e9l\u00e9charger votre attestation pour ma mutuelle sous la rubrique \u201cfinancier\u201d \u00e0 \u201cmes attestations\u201d<\/p>\n\n\n\n<p><\/p>\n","protected":false},"excerpt":{"rendered":"<p>Cotisation 2026 Prix de la cotisation GRANDE COTISATION ADULTE Interclubs et acc\u00e8s aux terrainsDu 14&nbsp;avril au 20&nbsp;octobre 2025 150\u20ac PETITE COTISATION PRINTEMPS ADULTEInterclubs et acc\u00e8s aux terrainsDu 14&nbsp;avril au 30 juin 2025 105\u20ac COTISATION FAMILLEInterclubs et acc\u00e8s aux terrainsDu 14&nbsp;avril au 20&nbsp;octobre 2025 300\u20ac\u00a0 ETUDIANTSInterclubs et acc\u00e8s aux terrainsDu 14&nbsp;avril au 20&nbsp;octobre 2025 95\u20ac ENFANTS [&hellip;]<\/p>\n","protected":false},"author":1,"featured_media":0,"parent":0,"menu_order":0,"comment_status":"closed","ping_status":"closed","template":"single-page-sidebar-on-left","meta":{"footnotes":""},"class_list":["post-202","page","type-page","status-publish","hentry"],"_links":{"self":[{"href":"https:\/\/rtcarlon.eu\/index.php\/wp-json\/wp\/v2\/pages\/202","targetHints":{"allow":["GET"]}}],"collection":[{"href":"https:\/\/rtcarlon.eu\/index.php\/wp-json\/wp\/v2\/pages"}],"about":[{"href":"https:\/\/rtcarlon.eu\/index.php\/wp-json\/wp\/v2\/types\/page"}],"author":[{"embeddable":true,"href":"https:\/\/rtcarlon.eu\/index.php\/wp-json\/wp\/v2\/users\/1"}],"replies":[{"embeddable":true,"href":"https:\/\/rtcarlon.eu\/index.php\/wp-json\/wp\/v2\/comments?post=202"}],"version-history":[{"count":7,"href":"https:\/\/rtcarlon.eu\/index.php\/wp-json\/wp\/v2\/pages\/202\/revisions"}],"predecessor-version":[{"id":267,"href":"https:\/\/rtcarlon.eu\/index.php\/wp-json\/wp\/v2\/pages\/202\/revisions\/267"}],"wp:attachment":[{"href":"https:\/\/rtcarlon.eu\/index.php\/wp-json\/wp\/v2\/media?parent=202"}],"curies":[{"name":"wp","href":"https:\/\/api.w.org\/{rel}","templated":true}]}}